{"id":21,"date":"2025-09-05T18:44:32","date_gmt":"2025-09-05T16:44:32","guid":{"rendered":"https:\/\/morganlaiz.com\/?page_id=21"},"modified":"2026-04-22T21:22:24","modified_gmt":"2026-04-22T19:22:24","slug":"p-beta","status":"publish","type":"page","link":"https:\/\/morganlaiz.com\/en\/p-beta\/","title":{"rendered":"Project Beta"},"content":{"rendered":"<div class=\"wp-block-group has-global-padding is-layout-constrained wp-container-core-group-is-layout-a099c240 wp-block-group-is-layout-constrained\">\n<h2 class=\"wp-block-heading has-text-align-center has-text-color has-superbfont-xlarge-font-size\" style=\"color:#003366\">A World at War<\/h2>\n\n\n\n<h2 class=\"wp-block-heading has-text-align-center has-primary-color has-text-color has-superbfont-xxsmall-font-size\" style=\"font-style:normal;font-weight:700;letter-spacing:5px;text-transform:uppercase\">Synopsis<\/h2>\n\n\n\n<p class=\"has-text-align-center has-secondary-color has-text-color has-superbfont-small-font-size translation-block\"><br><strong>After the invasion<\/strong> of colossal creatures, humanity survives underground, ruled by a military caste. Pilots are idols; workers are castoffs. When the Citadel\u2019s most celebrated hero shelters a pariah, the system falters.<br><br><em>Project Beta<\/em> blends action, social critique, and raw emotion into a story of loyalty and manipulation.<\/p>\n\n\n\n<div class=\"wp-block-group is-nowrap is-layout-flex wp-container-core-group-is-layout-6c531013 wp-block-group-is-layout-flex\"><\/div>\n<\/div>\n\n\n\n<div class=\"wp-block-media-text has-media-on-the-right is-stacked-on-mobile\" style=\"grid-template-columns:auto 30%\"><div class=\"wp-block-media-text__content\">\n<h4 class=\"wp-block-heading has-text-align-center has-superbfont-medium-font-size\"><strong>The greatest lie of all has always been war.<\/strong><\/h4>\n\n\n\n<p class=\"has-text-align-center\"><mark style=\"background-color:rgba(0, 0, 0, 0)\" class=\"has-inline-color has-featured-color\">A soldier, a celebrity, and an outcast.<\/mark><br><mark style=\"background-color:rgba(0, 0, 0, 0)\" class=\"has-inline-color has-featured-color\">Three stories, one society on the brink.<\/mark><br><br><mark style=\"background-color:rgba(0, 0, 0, 0)\" class=\"has-inline-color has-featured-color\">The Citadel\u2019s most famous robot pilot shelters an outcast, defying a world that forbids nonconformity, against his captain\u2019s advice.<\/mark><br><br>Science Fiction with Soul: a blend of action, social commentary, and raw emotion<\/p>\n<\/div><figure class=\"wp-block-media-text__media\"><img loading=\"lazy\" decoding=\"async\" width=\"832\" height=\"1021\" src=\"https:\/\/morganlaiz.com\/wp-content\/uploads\/2025\/09\/Tormenta-1.png\" alt=\"\" class=\"wp-image-103 size-full\" srcset=\"https:\/\/morganlaiz.com\/wp-content\/uploads\/2025\/09\/Tormenta-1.png 832w, https:\/\/morganlaiz.com\/wp-content\/uploads\/2025\/09\/Tormenta-1-244x300.png 244w, https:\/\/morganlaiz.com\/wp-content\/uploads\/2025\/09\/Tormenta-1-768x942.png 768w, https:\/\/morganlaiz.com\/wp-content\/uploads\/2025\/09\/Tormenta-1-10x12.png 10w\" sizes=\"auto, (max-width: 832px) 100vw, 832px\" \/><\/figure><\/div>\n\n\n\n<div class=\"wp-block-group alignfull is-layout-flow wp-block-group-is-layout-flow\">\n<div class=\"wp-block-group is-nowrap is-layout-flex wp-container-core-group-is-layout-6c531013 wp-block-group-is-layout-flex\"><\/div>\n<\/div>\n\n\n\n<div class=\"wp-block-group is-style-superbaddons-card has-mono-4-background-color has-background has-superbfont-tiny-font-size has-global-padding is-layout-constrained wp-container-core-group-is-layout-e8a80762 wp-block-group-is-layout-constrained\" style=\"border-style:none;border-width:0px;margin-top:0;margin-bottom:0;padding-top:var(--wp--preset--spacing--superbspacing-large);padding-right:var(--wp--preset--spacing--superbspacing-large);padding-bottom:var(--wp--preset--spacing--superbspacing-large);padding-left:var(--wp--preset--spacing--superbspacing-large)\">\n<h2 class=\"wp-block-heading has-text-align-center has-text-color has-superbfont-large-font-size\" style=\"color:#003366\">Should You Bet on Project Beta?<\/h2>\n\n\n\n<h4 class=\"wp-block-heading has-text-align-center has-primary-color has-text-color has-superbfont-xxsmall-font-size\" style=\"font-style:normal;font-weight:700;letter-spacing:5px;text-transform:uppercase\">Absolutely! <\/h4>\n\n\n\n<p class=\"has-text-align-center has-secondary-color has-text-color has-superbfont-small-font-size translation-block\">In a landscape where mechs are prominent on screen and in young-adult literature but scarce in adult fiction, <em>Project Beta<\/em> offers a complex, publication-ready novel that addresses inequality and social manipulation through emotion. A dystopia with a critical eye, a queer voice, and an adventurous pulse that does not sacrifice empathy when dealing with issues such as suicide, drug addiction, and abandonment.<\/p>\n\n\n\n<p><\/p>\n\n\n\n<p class=\"has-text-align-center has-poppins-font-family has-superbfont-small-font-size\"><strong>Are you an editor?<\/strong><br>Request the opening chapters with no obligation.<br>They\u2019ll win you over.<\/p>\n\n\n\n<div class=\"wp-block-group is-nowrap is-layout-flex wp-container-core-group-is-layout-6c531013 wp-block-group-is-layout-flex\"><\/div>\n\n\n\n<div class=\"wp-block-buttons alignwide is-content-justification-center is-layout-flex wp-container-core-buttons-is-layout-f61863dc wp-block-buttons-is-layout-flex\">\n<div class=\"wp-block-button\"><a class=\"wp-block-button__link has-background has-superbfont-small-font-size has-custom-font-size wp-element-button\" href=\"mailto:author@morganlaiz.com\" style=\"background-color:#a45400\">CONTACT<\/a><\/div>\n<\/div>\n\n\n\n<p><\/p>\n<\/div>\n\n\n\n<div class=\"wp-block-group alignwide is-content-justification-center is-nowrap is-layout-flex wp-container-core-group-is-layout-23441af8 wp-block-group-is-layout-flex\">\n<div class=\"wp-block-columns alignwide are-vertically-aligned-top is-layout-flex wp-container-core-columns-is-layout-a3ac60a9 wp-block-columns-is-layout-flex\" style=\"border-radius:0px;padding-top:0;padding-right:0;padding-bottom:0;padding-left:0\">\n<div class=\"wp-block-column is-vertically-aligned-top is-layout-flow wp-container-core-column-is-layout-cfb182f8 wp-block-column-is-layout-flow\" style=\"padding-top:0;padding-right:0;padding-bottom:0;padding-left:0;flex-basis:250px\">\n<div class=\"wp-block-group has-border-color has-mono-3-border-color has-mono-4-background-color has-background has-global-padding is-content-justification-left is-layout-constrained wp-container-core-group-is-layout-0d6ec971 wp-block-group-is-layout-constrained\" style=\"border-width:1px;border-radius:16px;padding-top:var(--wp--preset--spacing--superbspacing-xsmall);padding-right:var(--wp--preset--spacing--superbspacing-xsmall);padding-bottom:var(--wp--preset--spacing--superbspacing-xsmall);padding-left:var(--wp--preset--spacing--superbspacing-xsmall)\">\n<h3 class=\"wp-block-heading has-text-align-left has-contrast-color has-text-color has-superbfont-xsmall-font-size\"><strong>Adult science fiction<\/strong><\/h3>\n\n\n\n<p class=\"has-secondary-color has-text-color has-superbfont-xxsmall-font-size\">Dystopia, mechs\/kaiju, queer, social commentary.<\/p>\n<\/div>\n<\/div>\n\n\n\n<div class=\"wp-block-column is-vertically-aligned-top is-layout-flow wp-container-core-column-is-layout-eef95d05 wp-block-column-is-layout-flow\" style=\"padding-top:0px;padding-right:0px;padding-bottom:0px;padding-left:0px\">\n<div class=\"wp-block-group has-border-color has-mono-3-border-color has-mono-4-background-color has-background has-global-padding is-content-justification-left is-layout-constrained wp-container-core-group-is-layout-732211e2 wp-block-group-is-layout-constrained\" style=\"border-width:1px;border-radius:16px;margin-top:0;margin-bottom:0;padding-top:var(--wp--preset--spacing--superbspacing-xsmall);padding-right:var(--wp--preset--spacing--superbspacing-xsmall);padding-bottom:var(--wp--preset--spacing--superbspacing-xsmall);padding-left:var(--wp--preset--spacing--superbspacing-xsmall)\">\n<h3 class=\"wp-block-heading has-text-align-left has-contrast-color has-text-color has-superbfont-xsmall-font-size\"><strong>Rights<\/strong><\/h3>\n\n\n\n<p class=\"has-secondary-color has-text-color has-superbfont-xxsmall-font-size\">World (Spanish &amp; English); film\/TV &amp; ancillary.<\/p>\n<\/div>\n<\/div>\n\n\n\n<div class=\"wp-block-column is-vertically-aligned-top is-layout-flow wp-container-core-column-is-layout-eef95d05 wp-block-column-is-layout-flow\" style=\"padding-top:0px;padding-right:0px;padding-bottom:0px;padding-left:0px\">\n<div class=\"wp-block-group has-border-color has-mono-3-border-color has-mono-4-background-color has-background has-global-padding is-content-justification-left is-layout-constrained wp-container-core-group-is-layout-0d6ec971 wp-block-group-is-layout-constrained\" style=\"border-width:1px;border-radius:16px;padding-top:var(--wp--preset--spacing--superbspacing-xsmall);padding-right:var(--wp--preset--spacing--superbspacing-xsmall);padding-bottom:var(--wp--preset--spacing--superbspacing-xsmall);padding-left:var(--wp--preset--spacing--superbspacing-xsmall)\">\n<h3 class=\"wp-block-heading has-text-align-left has-contrast-color has-text-color has-superbfont-xsmall-font-size\"><strong>Completed manuscript<\/strong><\/h3>\n\n\n\n<p class=\"has-secondary-color has-text-color has-superbfont-xxsmall-font-size\">140,000 words<br>Publication-Ready.<\/p>\n<\/div>\n<\/div>\n<\/div>\n<\/div>\n\n\n\n<p><\/p>","protected":false},"excerpt":{"rendered":"<p>Un mundo en guerra Sinopsis Tras la invasi\u00f3n de criaturas colosales, la humanidad sobrevive bajo tierra gobernada por una casta militar. Los pilotos son \u00eddolos, los obreros, despojos. Cuando el h\u00e9roe m\u00e1s c\u00e9lebre de la Ciudadela da cobijo a un paria, el sistema se tambalea. Proyecto Beta mezcla acci\u00f3n, cr\u00edtica social y emociones crudas en &hellip; <\/p>\n<p class=\"link-more\"><a href=\"https:\/\/morganlaiz.com\/en\/p-beta\/\" class=\"more-link\">Read more<span class=\"screen-reader-text\"> \u00abProyecto Beta\u00bb<\/span><\/a><\/p>","protected":false},"author":1,"featured_media":0,"parent":0,"menu_order":0,"comment_status":"closed","ping_status":"closed","template":"","meta":{"inspiro_hide_title":false,"footnotes":""},"class_list":["post-21","page","type-page","status-publish","hentry"],"_links":{"self":[{"href":"https:\/\/morganlaiz.com\/en\/wp-json\/wp\/v2\/pages\/21","targetHints":{"allow":["GET"]}}],"collection":[{"href":"https:\/\/morganlaiz.com\/en\/wp-json\/wp\/v2\/pages"}],"about":[{"href":"https:\/\/morganlaiz.com\/en\/wp-json\/wp\/v2\/types\/page"}],"author":[{"embeddable":true,"href":"https:\/\/morganlaiz.com\/en\/wp-json\/wp\/v2\/users\/1"}],"replies":[{"embeddable":true,"href":"https:\/\/morganlaiz.com\/en\/wp-json\/wp\/v2\/comments?post=21"}],"version-history":[{"count":83,"href":"https:\/\/morganlaiz.com\/en\/wp-json\/wp\/v2\/pages\/21\/revisions"}],"predecessor-version":[{"id":555,"href":"https:\/\/morganlaiz.com\/en\/wp-json\/wp\/v2\/pages\/21\/revisions\/555"}],"wp:attachment":[{"href":"https:\/\/morganlaiz.com\/en\/wp-json\/wp\/v2\/media?parent=21"}],"curies":[{"name":"wp","href":"https:\/\/api.w.org\/{rel}","templated":true}]}}