{"id":147,"date":"2025-09-08T19:45:21","date_gmt":"2025-09-08T17:45:21","guid":{"rendered":"https:\/\/morganlaiz.com\/biografia-2\/"},"modified":"2026-04-22T20:58:45","modified_gmt":"2026-04-22T18:58:45","slug":"bio","status":"publish","type":"page","link":"https:\/\/morganlaiz.com\/es\/bio\/","title":{"rendered":"Biograf\u00eda"},"content":{"rendered":"\n<div class=\"wp-block-group alignfull is-style-superbaddons-card has-white-background-color has-background has-global-padding is-layout-constrained wp-container-core-group-is-layout-129f6e7c wp-block-group-is-layout-constrained\" style=\"margin-top:0;margin-bottom:0;padding-top:var(--wp--preset--spacing--superbspacing-large);padding-right:var(--wp--preset--spacing--superbspacing-small);padding-bottom:var(--wp--preset--spacing--superbspacing-large);padding-left:var(--wp--preset--spacing--superbspacing-small)\">\n<div class=\"wp-block-group alignwide has-global-padding is-layout-constrained wp-container-core-group-is-layout-41c06ba8 wp-block-group-is-layout-constrained\">\n<div class=\"wp-block-group is-nowrap is-layout-flex wp-container-core-group-is-layout-6c531013 wp-block-group-is-layout-flex\">\n<h2 class=\"wp-block-heading has-text-color has-link-color has-superbfont-xlarge-font-size wp-elements-bd21e473b7cee53b14ccaa566cf7339e\" style=\"color:#003366;line-height:1.2\">Morgan Laiz<\/h2>\n\n\n\n<figure class=\"wp-block-image aligncenter size-medium has-custom-border is-style-default\" style=\"margin-top:0;margin-bottom:0\"><img loading=\"lazy\" decoding=\"async\" width=\"200\" height=\"300\" src=\"https:\/\/morganlaiz.com\/wp-content\/uploads\/2025\/09\/10A0263A-24C1-4999-8F8E-D0D2D49C66B9-1-200x300.png\" alt=\"\" class=\"wp-image-102\" style=\"border-top-left-radius:26px;border-top-right-radius:26px;border-bottom-left-radius:26px;border-bottom-right-radius:26px\" srcset=\"https:\/\/morganlaiz.com\/wp-content\/uploads\/2025\/09\/10A0263A-24C1-4999-8F8E-D0D2D49C66B9-1-200x300.png 200w, https:\/\/morganlaiz.com\/wp-content\/uploads\/2025\/09\/10A0263A-24C1-4999-8F8E-D0D2D49C66B9-1-683x1024.png 683w, https:\/\/morganlaiz.com\/wp-content\/uploads\/2025\/09\/10A0263A-24C1-4999-8F8E-D0D2D49C66B9-1-768x1152.png 768w, https:\/\/morganlaiz.com\/wp-content\/uploads\/2025\/09\/10A0263A-24C1-4999-8F8E-D0D2D49C66B9-1-8x12.png 8w, https:\/\/morganlaiz.com\/wp-content\/uploads\/2025\/09\/10A0263A-24C1-4999-8F8E-D0D2D49C66B9-1.png 1024w\" sizes=\"auto, (max-width: 200px) 100vw, 200px\" \/><\/figure>\n<\/div>\n\n\n\n<div class=\"wp-block-group is-vertical is-layout-flex wp-container-core-group-is-layout-fe9cc265 wp-block-group-is-layout-flex\">\n<p class=\"has-text-align-right has-mono-2-color has-text-color has-link-color wp-elements-3f10184dc2ab440a5f604b7d927f2b11\"><span class=\"has-superb-addons-text-align-justify\">El autor sondea los l\u00edmites de la mente humana mediante personajes absorbentes, contradictorios y emotivos que chocan con su propia identidad en una sociedad injusta. <strong>Combina una pluma \u00e1gil con juegos de ingenio, humor y dilemas morales<\/strong>. Marcadas por una fuerte cr\u00edtica a la desigualdad social, sus historias invitan a la reflexi\u00f3n sobre el miedo al abandono y la lucha por ser fiel a uno mismo cuando la sociedad rechaza a los divergentes.<br><br>Fil\u00f3logo y narrador de bistur\u00ed, ha <strong>publicado dos novelas<\/strong> bajo el pseud\u00f3nimo de M.E. Laiz: <em>Visiones tras el Velo<\/em> y <em>El pacto de los cr\u00edptidos<\/em>, donde explora la mitolog\u00eda ib\u00e9rica a trav\u00e9s de un enfoque narrativo que <strong>fusiona el thriller psicol\u00f3gico y la novela polic\u00edaca<\/strong>. Estos libros siguen a Rafael Keller, un joven esquizofr\u00e9nico que descubre que los monstruos de sus delirios son reales y se adentra en un mundo poblado por criaturas legendarias. Ambas novelas han sido elogiadas por el p\u00fablico y la cr\u00edtica debido a su tratamiento realista y complejo.<br><br>Con influencias de autores como King, Le Guin, Sanderson, Scalzi o Weir, Morgan ha encontrado una <strong>voz \u00fanica dentro de la ficci\u00f3n especulativa y la novela de personajes<\/strong> para abordar dilemas profundos sobre la humanidad. Sus obras est\u00e1n pensadas para quienes buscan una conexi\u00f3n emocional m\u00e1s all\u00e1 de la \u00faltima p\u00e1gina. Al cerrar el libro, el lector habr\u00e1 hecho amigos, habr\u00e1 compartido con ellos miedos, alegr\u00edas y pesares para llevarse con \u00e9l un destello de sus almas, la chispa que <strong>transforma a los personajes en personas<\/strong>.<\/span><\/p>\n<\/div>\n<\/div>\n<\/div>\n\n\n\n<div class=\"wp-block-group has-global-padding is-content-justification-center is-layout-constrained wp-container-core-group-is-layout-fbfe0159 wp-block-group-is-layout-constrained\">\n<div class=\"wp-block-columns are-vertically-aligned-center is-layout-flex wp-container-core-columns-is-layout-25593187 wp-block-columns-is-layout-flex\">\n<div class=\"wp-block-column is-vertically-aligned-center is-layout-flow wp-container-core-column-is-layout-40a2a7e8 wp-block-column-is-layout-flow\" style=\"padding-right:0;padding-bottom:0;padding-left:0;flex-basis:500px\">\n<div class=\"wp-block-group alignwide has-global-padding is-layout-constrained wp-container-core-group-is-layout-aa8fd408 wp-block-group-is-layout-constrained\" style=\"padding-top:var(--wp--preset--spacing--superbspacing-xsmall);padding-bottom:var(--wp--preset--spacing--superbspacing-xsmall)\">\n<div class=\"wp-block-group is-content-justification-left is-nowrap is-layout-flex wp-container-core-group-is-layout-fc9f69e7 wp-block-group-is-layout-flex\">\n<figure class=\"wp-block-image size-full is-resized is-style-rounded wp-container-content-9cfa9a5a\" style=\"margin-top:0;margin-right:0;margin-bottom:0;margin-left:0\"><img loading=\"lazy\" decoding=\"async\" width=\"2560\" height=\"2560\" src=\"https:\/\/morganlaiz.com\/wp-content\/uploads\/2026\/04\/Santigo-de-Compostela-edited-scaled.jpeg\" alt=\"\" class=\"wp-image-475\" style=\"object-fit:cover;width:217px;height:auto\" srcset=\"https:\/\/morganlaiz.com\/wp-content\/uploads\/2026\/04\/Santigo-de-Compostela-edited-scaled.jpeg 2560w, https:\/\/morganlaiz.com\/wp-content\/uploads\/2026\/04\/Santigo-de-Compostela-edited-300x300.jpeg 300w, https:\/\/morganlaiz.com\/wp-content\/uploads\/2026\/04\/Santigo-de-Compostela-edited-1024x1024.jpeg 1024w, https:\/\/morganlaiz.com\/wp-content\/uploads\/2026\/04\/Santigo-de-Compostela-edited-150x150.jpeg 150w, https:\/\/morganlaiz.com\/wp-content\/uploads\/2026\/04\/Santigo-de-Compostela-edited-2000x2000.jpeg 2000w, https:\/\/morganlaiz.com\/wp-content\/uploads\/2026\/04\/Santigo-de-Compostela-edited-scaled-12x12.jpeg 12w\" sizes=\"auto, (max-width: 2560px) 100vw, 2560px\" \/><\/figure>\n\n\n\n<div class=\"wp-block-group has-global-padding is-layout-constrained wp-block-group-is-layout-constrained\">\n<div class=\"wp-block-group has-global-padding is-layout-constrained wp-block-group-is-layout-constrained\">\n<div class=\"wp-block-group has-global-padding is-layout-constrained wp-block-group-is-layout-constrained\">\n<p class=\"has-featured-color has-text-color has-link-color has-superbfont-small-font-size wp-elements-ef3287ae7748ee9abed4ec0278c4a8e2\">EL M\u00c9TODO<\/p>\n\n\n\n<div class=\"wp-block-group is-horizontal is-content-justification-left is-nowrap is-layout-flex wp-container-core-group-is-layout-e5fbeb3a wp-block-group-is-layout-flex\">\n<h2 class=\"wp-block-heading has-text-align-left has-text-color has-link-color has-superbfont-xlarge-font-size wp-elements-f0a0fd78c973093331a6910f58edbf76\" style=\"color:#003366;line-height:1.2\"><mark style=\"background-color:rgba(0, 0, 0, 0)\" class=\"has-inline-color has-featured-color\">Escritura y narratolog\u00eda<\/mark><\/h2>\n<\/div>\n<\/div>\n<\/div>\n<\/div>\n<\/div>\n<\/div>\n\n\n\n<div class=\"wp-block-group has-global-padding is-layout-constrained wp-container-core-group-is-layout-92ef7b19 wp-block-group-is-layout-constrained\">\n<p class=\"has-text-align-left has-mono-2-color has-text-color has-superbfont-small-font-size\"><span class=\"has-superb-addons-text-align-justify\">El explorador de otras realidades invoca personajes ajenos, complejos y profundos, cuyas personalidades se desarrollan en funci\u00f3n de las circunstancias que se les asignan. Como un dios caprichoso, el escritor modela y da forma a esas almas, dise\u00f1ando el viaje que les permitir\u00e1 amar, sufrir y evolucionar psicol\u00f3gicamente. As\u00ed, cada personaje adquiere virtudes y defectos, se humaniza, transform\u00e1ndose en un espejo para el lector.<br><br>El g\u00e9nero novel\u00edstico se convierte en el marco que permite a estas creaciones enfrentarse a sus propios dilemas en un mundo que provoca extra\u00f1amiento al tiempo que evoca la realidad. El lector es arrastrado fuera de su zona de confort y despojado de sus normas cotidianas, confrontando una verdad ajena, una visi\u00f3n del mundo que es a la vez distinta e id\u00e9ntica a la suya.<\/span><\/p>\n<\/div>\n<\/div>\n<\/div>\n<\/div>\n\n\n\n<div class=\"wp-block-group alignfull has-global-padding is-layout-constrained wp-container-core-group-is-layout-c5c90c4d wp-block-group-is-layout-constrained\" style=\"margin-top:0;margin-bottom:0;padding-top:var(--wp--preset--spacing--superbspacing-large);padding-right:var(--wp--preset--spacing--superbspacing-small);padding-bottom:var(--wp--preset--spacing--superbspacing-large);padding-left:var(--wp--preset--spacing--superbspacing-small)\">\n<div class=\"wp-block-columns alignwide is-layout-flex wp-container-core-columns-is-layout-25593187 wp-block-columns-is-layout-flex\">\n<div class=\"wp-block-column is-vertically-aligned-center is-layout-flow wp-container-core-column-is-layout-a1628350 wp-block-column-is-layout-flow\" style=\"padding-top:0;padding-right:0;padding-bottom:0;padding-left:0\">\n<div class=\"wp-block-group has-global-padding is-layout-constrained wp-container-core-group-is-layout-92ef7b19 wp-block-group-is-layout-constrained\">\n<div class=\"wp-block-group is-layout-flow wp-container-core-group-is-layout-ff697075 wp-block-group-is-layout-flow\">\n<h2 class=\"wp-block-heading has-text-align-left has-text-color has-link-color has-superbfont-xlarge-font-size wp-elements-eb5ba153affe8e4d8ef17ab4a4a4e026\" style=\"color:#003366;line-height:1.2\"><mark style=\"background-color:rgba(0, 0, 0, 0)\" class=\"has-inline-color has-featured-color\">Conferencias y firmas<\/mark><\/h2>\n\n\n\n<p><\/p>\n\n\n\n<p class=\"has-text-align-left has-mono-2-color has-text-color has-link-color wp-elements-f4bf62c94bb000fdecf618c38be5b9c8\"><span class=\"has-superb-addons-text-align-justify\">Morgan Laiz ha realizado presentaciones en distintos festivales y ferias del libro tales como el Celsius 232, el Congreso Nacional de Fantas\u00eda y Ciencia Ficci\u00f3n (Hispac\u00f3n), la HobbyCon, Vi\u00f1etas desde el Atl\u00e1ntico y Sant Jordi (Barcelona), entre otros eventos y librer\u00edas de renombre.<br><br>Asimismo, ha participado activamente en la organizaci\u00f3n de festivales y congresos, donde tambi\u00e9n ha moderado encuentros y debates sobre narratolog\u00eda.<\/span><\/p>\n<\/div>\n\n\n\n<figure class=\"wp-block-gallery has-nested-images columns-default is-cropped wp-block-gallery-1 is-layout-flex wp-block-gallery-is-layout-flex\">\n<figure class=\"wp-block-image size-medium\"><img loading=\"lazy\" decoding=\"async\" width=\"196\" height=\"300\" data-id=\"477\" src=\"https:\/\/morganlaiz.com\/wp-content\/uploads\/2026\/04\/Celsius-232-2020-196x300.jpg\" alt=\"Celsius 232, 2020\" class=\"wp-image-477\" srcset=\"https:\/\/morganlaiz.com\/wp-content\/uploads\/2026\/04\/Celsius-232-2020-196x300.jpg 196w, https:\/\/morganlaiz.com\/wp-content\/uploads\/2026\/04\/Celsius-232-2020-668x1024.jpg 668w, https:\/\/morganlaiz.com\/wp-content\/uploads\/2026\/04\/Celsius-232-2020-8x12.jpg 8w, https:\/\/morganlaiz.com\/wp-content\/uploads\/2026\/04\/Celsius-232-2020.jpg 1541w\" sizes=\"auto, (max-width: 196px) 100vw, 196px\" \/><\/figure>\n\n\n\n<figure class=\"wp-block-image size-medium\"><img loading=\"lazy\" decoding=\"async\" width=\"200\" height=\"300\" data-id=\"478\" src=\"https:\/\/morganlaiz.com\/wp-content\/uploads\/2026\/04\/Hispacon-2019-Valencia-200x300.jpg\" alt=\"Hispac\u00f3n, 2019\" class=\"wp-image-478\" srcset=\"https:\/\/morganlaiz.com\/wp-content\/uploads\/2026\/04\/Hispacon-2019-Valencia-200x300.jpg 200w, https:\/\/morganlaiz.com\/wp-content\/uploads\/2026\/04\/Hispacon-2019-Valencia-683x1024.jpg 683w, https:\/\/morganlaiz.com\/wp-content\/uploads\/2026\/04\/Hispacon-2019-Valencia-8x12.jpg 8w, https:\/\/morganlaiz.com\/wp-content\/uploads\/2026\/04\/Hispacon-2019-Valencia.jpg 1365w\" sizes=\"auto, (max-width: 200px) 100vw, 200px\" \/><\/figure>\n\n\n\n<figure class=\"wp-block-image size-medium\"><img loading=\"lazy\" decoding=\"async\" width=\"212\" height=\"300\" data-id=\"476\" src=\"https:\/\/morganlaiz.com\/wp-content\/uploads\/2026\/04\/vinetas-desde-el-atlantico-2019-212x300.jpg\" alt=\"Vi\u00f1etas desde o Atl\u00e1ntico, 2019\" class=\"wp-image-476\" srcset=\"https:\/\/morganlaiz.com\/wp-content\/uploads\/2026\/04\/vinetas-desde-el-atlantico-2019-212x300.jpg 212w, https:\/\/morganlaiz.com\/wp-content\/uploads\/2026\/04\/vinetas-desde-el-atlantico-2019-8x12.jpg 8w, https:\/\/morganlaiz.com\/wp-content\/uploads\/2026\/04\/vinetas-desde-el-atlantico-2019.jpg 678w\" sizes=\"auto, (max-width: 212px) 100vw, 212px\" \/><\/figure>\n<\/figure>\n<\/div>\n<\/div>\n<\/div>\n<\/div>\n\n\n\n<p><\/p>\n","protected":false},"excerpt":{"rendered":"<p>Morgan Laiz El autor sondea los l\u00edmites de la mente humana mediante personajes absorbentes, contradictorios y emotivos que chocan con su propia identidad en una sociedad injusta. Combina una pluma \u00e1gil con juegos de ingenio, humor y dilemas morales. Marcadas por una fuerte cr\u00edtica a la desigualdad social, sus historias invitan a la reflexi\u00f3n sobre &hellip; <\/p>\n<p class=\"link-more\"><a href=\"https:\/\/morganlaiz.com\/es\/bio\/\" class=\"more-link\">Leer m\u00e1s<span class=\"screen-reader-text\"> \u00abBiograf\u00eda\u00bb<\/span><\/a><\/p>\n","protected":false},"author":1,"featured_media":0,"parent":0,"menu_order":0,"comment_status":"closed","ping_status":"closed","template":"","meta":{"inspiro_hide_title":false,"footnotes":""},"class_list":["post-147","page","type-page","status-publish","hentry"],"_links":{"self":[{"href":"https:\/\/morganlaiz.com\/es\/wp-json\/wp\/v2\/pages\/147","targetHints":{"allow":["GET"]}}],"collection":[{"href":"https:\/\/morganlaiz.com\/es\/wp-json\/wp\/v2\/pages"}],"about":[{"href":"https:\/\/morganlaiz.com\/es\/wp-json\/wp\/v2\/types\/page"}],"author":[{"embeddable":true,"href":"https:\/\/morganlaiz.com\/es\/wp-json\/wp\/v2\/users\/1"}],"replies":[{"embeddable":true,"href":"https:\/\/morganlaiz.com\/es\/wp-json\/wp\/v2\/comments?post=147"}],"version-history":[{"count":119,"href":"https:\/\/morganlaiz.com\/es\/wp-json\/wp\/v2\/pages\/147\/revisions"}],"predecessor-version":[{"id":549,"href":"https:\/\/morganlaiz.com\/es\/wp-json\/wp\/v2\/pages\/147\/revisions\/549"}],"wp:attachment":[{"href":"https:\/\/morganlaiz.com\/es\/wp-json\/wp\/v2\/media?parent=147"}],"curies":[{"name":"wp","href":"https:\/\/api.w.org\/{rel}","templated":true}]}}