{"id":16,"date":"2025-09-05T18:43:39","date_gmt":"2025-09-05T16:43:39","guid":{"rendered":"https:\/\/morganlaiz.com\/?page_id=16"},"modified":"2026-04-22T21:21:09","modified_gmt":"2026-04-22T19:21:09","slug":"portada","status":"publish","type":"page","link":"https:\/\/morganlaiz.com\/es\/","title":{"rendered":"Portada"},"content":{"rendered":"\n<div class=\"wp-block-cover\" style=\"margin-top:0;margin-bottom:0;padding-top:var(--wp--preset--spacing--superbspacing-xxlarge);padding-right:0;padding-bottom:var(--wp--preset--spacing--superbspacing-xxlarge);padding-left:0;min-height:434px;aspect-ratio:unset;\"><img loading=\"lazy\" decoding=\"async\" width=\"1024\" height=\"343\" class=\"wp-block-cover__image-background wp-image-59 size-large\" alt=\"\" src=\"https:\/\/morganlaiz.com\/wp-content\/uploads\/2025\/09\/Conflicto-muro-1-e1757419731546-1024x343.png\" data-object-fit=\"cover\" srcset=\"https:\/\/morganlaiz.com\/wp-content\/uploads\/2025\/09\/Conflicto-muro-1-e1757419731546-1024x343.png 1024w, https:\/\/morganlaiz.com\/wp-content\/uploads\/2025\/09\/Conflicto-muro-1-e1757419731546-300x101.png 300w, https:\/\/morganlaiz.com\/wp-content\/uploads\/2025\/09\/Conflicto-muro-1-e1757419731546-768x258.png 768w, https:\/\/morganlaiz.com\/wp-content\/uploads\/2025\/09\/Conflicto-muro-1-e1757419731546-18x6.png 18w, https:\/\/morganlaiz.com\/wp-content\/uploads\/2025\/09\/Conflicto-muro-1-e1757419731546.png 1536w\" sizes=\"auto, (max-width: 1024px) 100vw, 1024px\" \/><span aria-hidden=\"true\" class=\"wp-block-cover__background has-background-dim-20 has-background-dim\" style=\"background-color:#3e3633\"><\/span><div class=\"wp-block-cover__inner-container is-layout-flow wp-container-core-cover-is-layout-d0f87605 wp-block-cover-is-layout-flow\">\n<div class=\"wp-block-group alignwide has-global-padding is-layout-constrained wp-container-core-group-is-layout-41c06ba8 wp-block-group-is-layout-constrained\">\n<h1 class=\"wp-block-heading alignwide has-text-align-center superbthemes-navigation-004-headline has-contrast-light-color has-text-color\" style=\"padding-right:0;padding-bottom:0;padding-left:0;font-size:clamp(24.034px, 1.502rem + ((1vw - 3.2px) * 1.413), 40px);font-style:normal;font-weight:700\">La ficci\u00f3n de uno<br>es la realidad de otro.<\/h1>\n\n\n\n<h2 class=\"wp-block-heading has-text-align-center has-medium-font-size\"><mark style=\"background-color:rgba(0, 0, 0, 0)\" class=\"has-inline-color has-contrast-light-color\">Morgan Laiz<\/mark><\/h2>\n<\/div>\n<\/div><\/div>\n\n\n\n<div class=\"wp-block-group alignfull has-global-padding is-layout-constrained wp-container-core-group-is-layout-b2266484 wp-block-group-is-layout-constrained\" style=\"margin-top:0;margin-bottom:0;padding-top:var(--wp--preset--spacing--superbspacing-xxlarge);padding-right:var(--wp--preset--spacing--superbspacing-small);padding-bottom:var(--wp--preset--spacing--superbspacing-xxlarge);padding-left:var(--wp--preset--spacing--superbspacing-small)\">\n<div class=\"wp-block-columns alignwide is-layout-flex wp-container-core-columns-is-layout-28f84493 wp-block-columns-is-layout-flex\">\n<div class=\"wp-block-column is-vertically-aligned-center is-layout-flow wp-block-column-is-layout-flow\" style=\"flex-basis:40%\">\n<h2 class=\"wp-block-heading has-text-align-right has-contrast-color has-text-color\" style=\"font-size:clamp(24.034px, 1.502rem + ((1vw - 3.2px) * 1.413), 40px);\"><mark style=\"background-color:rgba(0, 0, 0, 0)\" class=\"has-inline-color has-featured-color\">Bienvenido a la web de Morgan Laiz<\/mark><\/h2>\n<\/div>\n\n\n\n<div class=\"wp-block-column is-layout-flow wp-block-column-is-layout-flow\" style=\"flex-basis:40%\">\n<div class=\"wp-block-group has-global-padding is-layout-constrained wp-container-core-group-is-layout-85cc789f wp-block-group-is-layout-constrained\">\n<div class=\"wp-block-group is-layout-flex wp-container-core-group-is-layout-b7b5e2e0 wp-block-group-is-layout-flex\">\n<h3 class=\"wp-block-heading has-text-align-left has-text-color has-link-color wp-elements-1291a844735ae65d7a41a6140b6c5728\" style=\"color:#a45400;font-size:clamp(14px, 0.875rem + ((1vw - 3.2px) * 0.531), 20px);\"><span class=\"has-superb-addons-text-align-justify\">Tal vez sea locura, tal vez los locos sean los otros.<\/span><\/h3>\n<\/div>\n\n\n\n<div class=\"wp-block-group has-global-padding is-layout-constrained wp-container-core-group-is-layout-685a0924 wp-block-group-is-layout-constrained\" style=\"border-left-color:var(--wp--preset--color--featured);border-left-width:4px;padding-left:var(--wp--preset--spacing--superbspacing-xxsmall)\">\n<p class=\"has-text-align-left has-secondary-color has-text-color has-superbfont-small-font-size\"><span class=\"has-superb-addons-text-align-justify\">Explora mundos donde la ficci\u00f3n se convierte en su propia realidad. Descubre personajes a los que no podr\u00e1s olvidar f\u00e1cilmente; comparte su humanidad, sus miedos y sus ambiciones. Traspasa los l\u00edmites de la ficci\u00f3n a trav\u00e9s de la intriga de la novela negra.<\/span><\/p>\n<\/div>\n<\/div>\n<\/div>\n<\/div>\n<\/div>\n\n\n\n<div class=\"wp-block-group alignfull has-mono-4-background-color has-background has-global-padding is-layout-constrained wp-container-core-group-is-layout-e5553428 wp-block-group-is-layout-constrained\" style=\"margin-top:0;margin-bottom:0;padding-top:var(--wp--preset--spacing--superbspacing-large);padding-right:var(--wp--preset--spacing--superbspacing-small);padding-bottom:var(--wp--preset--spacing--superbspacing-large);padding-left:var(--wp--preset--spacing--superbspacing-small)\">\n<div class=\"wp-block-columns alignwide is-layout-flex wp-container-core-columns-is-layout-25593187 wp-block-columns-is-layout-flex\">\n<div class=\"wp-block-column is-vertically-aligned-center is-layout-flow wp-container-core-column-is-layout-a1628350 wp-block-column-is-layout-flow\" style=\"padding-top:0;padding-right:0;padding-bottom:0;padding-left:0\">\n<div class=\"wp-block-group is-style-default has-global-padding is-layout-constrained wp-container-core-group-is-layout-d26c65f0 wp-block-group-is-layout-constrained\">\n<h2 class=\"wp-block-heading has-text-align-left\" style=\"font-size:clamp(24.034px, 1.502rem + ((1vw - 3.2px) * 1.413), 40px);\"><mark style=\"background-color:rgba(0, 0, 0, 0)\" class=\"has-inline-color has-featured-color\">Morgan Laiz<\/mark><\/h2>\n\n\n\n<p class=\"has-text-align-left has-secondary-color has-text-color has-superbfont-small-font-size\"><\/p>\n\n\n\n<p class=\"has-text-align-left has-secondary-color has-text-color has-superbfont-small-font-size\"><span class=\"has-superb-addons-text-align-justify\">Morgan Laiz es un autor de ficci\u00f3n especulativa de origen espa\u00f1ol, licenciado en Filolog\u00eda Hisp\u00e1nica y con experiencia de investigaci\u00f3n en narratolog\u00eda. Ha publicado dos novelas bajo pseud\u00f3nimo y ha colaborado activamente en festivales, ferias del libro y convenciones del g\u00e9nero, tanto en presentaci\u00f3n como en organizaci\u00f3n y moderaci\u00f3n de encuentros literarios.<\/span><\/p>\n\n\n\n<p class=\"has-text-align-left has-secondary-color has-text-color has-superbfont-small-font-size\"><span class=\"has-superb-addons-text-align-justify\">Su estilo se caracteriza por una narrativa fluida, centrada en la evoluci\u00f3n de personajes complejos y muy humanos, con una fuerte cr\u00edtica a la desigualdad. Sus novelas invitan a la reflexi\u00f3n sobre el miedo al abandono y la lucha por ser fiel a uno mismo en una sociedad que continuamente rechaza a los divergentes.<\/span><\/p>\n<\/div>\n\n\n\n<div class=\"wp-block-buttons is-content-justification-center is-layout-flex wp-container-core-buttons-is-layout-0be08b07 wp-block-buttons-is-layout-flex\">\n<div class=\"wp-block-button has-custom-width wp-block-button__width-25 is-style-fill\"><a class=\"wp-block-button__link has-white-color has-text-color has-background has-link-color has-superbfont-small-font-size has-custom-font-size wp-element-button\" href=\"https:\/\/morganlaiz.com\/bio\/\" style=\"background-color:#a45400;padding-top:var(--wp--preset--spacing--superbspacing-xsmall);padding-right:var(--wp--preset--spacing--superbspacing-xsmall);padding-bottom:var(--wp--preset--spacing--superbspacing-xsmall);padding-left:var(--wp--preset--spacing--superbspacing-xsmall)\" target=\"_blank\" rel=\"noreferrer noopener\">Biograf\u00eda<\/a><\/div>\n\n\n<\/div>\n<\/div>\n<\/div>\n<\/div>\n\n\n\n<div class=\"wp-block-group alignfull has-white-color has-mono-4-background-color has-text-color has-background has-link-color wp-elements-7805619d5427d5b51fe5f546dcdc51fd has-global-padding is-layout-constrained wp-container-core-group-is-layout-e5553428 wp-block-group-is-layout-constrained\" style=\"margin-top:0;margin-bottom:0;padding-top:var(--wp--preset--spacing--superbspacing-large);padding-right:var(--wp--preset--spacing--superbspacing-small);padding-bottom:var(--wp--preset--spacing--superbspacing-large);padding-left:var(--wp--preset--spacing--superbspacing-small)\">\n<div class=\"wp-block-columns alignwide has-primary-color has-text-color has-link-color wp-elements-4ea8faa9fd177872f6aaa135e5132e54 is-layout-flex wp-container-core-columns-is-layout-25593187 wp-block-columns-is-layout-flex\">\n<div class=\"wp-block-column is-vertically-aligned-center is-layout-flow wp-container-core-column-is-layout-a1628350 wp-block-column-is-layout-flow\" style=\"padding-top:0;padding-right:0;padding-bottom:0;padding-left:0\">\n<div class=\"wp-block-group is-layout-flow wp-container-core-group-is-layout-ff697075 wp-block-group-is-layout-flow\">\n<div class=\"wp-block-group has-global-padding is-layout-constrained wp-container-core-group-is-layout-a099c240 wp-block-group-is-layout-constrained\">\n<h2 class=\"wp-block-heading has-text-align-left\" style=\"font-size:clamp(24.034px, 1.502rem + ((1vw - 3.2px) * 1.413), 40px);\"><span class=\"has-superb-addons-text-align-justify\"><mark style=\"background-color:rgba(0, 0, 0, 0)\" class=\"has-inline-color has-featured-color\">Pr\u00f3xima publicaci\u00f3n<\/mark><\/span><br><mark style=\"background-color:rgba(0, 0, 0, 0)\" class=\"has-inline-color has-featured-color\">Proyecto Beta<\/mark><\/h2>\n\n\n\n<p class=\"has-text-align-center has-secondary-color has-text-color has-superbfont-small-font-size\"><strong>La mayor mentira de todas siempre fue la guerra.<\/strong><\/p>\n\n\n\n<p class=\"has-text-align-center has-secondary-color has-text-color has-link-color wp-elements-34500acaf9324b7ede28bbdf09072347\"><span class=\"has-superb-addons-text-align-justify\">Tras la invasi\u00f3n de criaturas colosales, la humanidad sobrevive bajo tierra gobernada por una casta militar. Los pilotos son \u00eddolos, los obreros, despojos. Cuando el h\u00e9roe m\u00e1s c\u00e9lebre de la Ciudadela da cobijo a un paria, el sistema se tambalea.<\/span><\/p>\n\n\n\n<p class=\"has-text-align-center has-secondary-color has-text-color has-link-color wp-elements-6e91bcd3a51ead4386cb71eb33d12b3f\"><span class=\"has-superb-addons-text-align-justify\">Proyecto Beta mezcla acci\u00f3n, cr\u00edtica social y emociones crudas en una historia de lealtad y manipulaci\u00f3n.<\/span><\/p>\n<\/div>\n\n\n\n<p class=\"has-text-align-center\"><\/p>\n<\/div>\n\n\n\n<div class=\"wp-block-buttons is-content-justification-center is-layout-flex wp-container-core-buttons-is-layout-0be08b07 wp-block-buttons-is-layout-flex\">\n<div class=\"wp-block-button has-custom-width wp-block-button__width-25\" id=\"https:\/\/morganlaiz.com\/p-beta\/\"><a class=\"wp-block-button__link has-white-color has-text-color has-background has-link-color has-superbfont-small-font-size has-custom-font-size wp-element-button\" href=\"https:\/\/morganlaiz.com\/p-beta\/\" style=\"background-color:#a45400;padding-top:var(--wp--preset--spacing--superbspacing-xsmall);padding-right:var(--wp--preset--spacing--superbspacing-xsmall);padding-bottom:var(--wp--preset--spacing--superbspacing-xsmall);padding-left:var(--wp--preset--spacing--superbspacing-xsmall)\" target=\"_blank\" rel=\"noreferrer noopener\">Proyecto Beta<\/a><\/div>\n\n\n<\/div>\n<\/div>\n<\/div>\n<\/div>\n\n\n\n<div class=\"wp-block-group alignfull is-vertical is-content-justification-center is-layout-flex wp-container-core-group-is-layout-503c89ce wp-block-group-is-layout-flex\" style=\"padding-top:var(--wp--preset--spacing--superbspacing-large);padding-right:var(--wp--preset--spacing--superbspacing-small);padding-bottom:var(--wp--preset--spacing--superbspacing-large);padding-left:var(--wp--preset--spacing--superbspacing-small)\">\n<figure class=\"wp-block-image aligncenter size-full is-resized has-custom-border\"><img loading=\"lazy\" decoding=\"async\" width=\"1024\" height=\"1024\" src=\"https:\/\/morganlaiz.com\/wp-content\/uploads\/2025\/09\/Bicho-3.jpeg\" alt=\"\" class=\"wp-image-119\" style=\"border-radius:0%;width:182px;height:auto\" srcset=\"https:\/\/morganlaiz.com\/wp-content\/uploads\/2025\/09\/Bicho-3.jpeg 1024w, https:\/\/morganlaiz.com\/wp-content\/uploads\/2025\/09\/Bicho-3-300x300.jpeg 300w, https:\/\/morganlaiz.com\/wp-content\/uploads\/2025\/09\/Bicho-3-150x150.jpeg 150w, https:\/\/morganlaiz.com\/wp-content\/uploads\/2025\/09\/Bicho-3-768x768.jpeg 768w, https:\/\/morganlaiz.com\/wp-content\/uploads\/2025\/09\/Bicho-3-12x12.jpeg 12w\" sizes=\"auto, (max-width: 1024px) 100vw, 1024px\" \/><\/figure>\n\n\n\n<h2 class=\"wp-block-heading has-text-align-center has-contrast-color has-text-color\" style=\"font-size:clamp(16.293px, 1.018rem + ((1vw - 3.2px) * 0.771), 25px);\"><strong><em>\u201cNo se sabe muy bien cu\u00e1ndo se fue todo al infierno.<\/em><\/strong><br><strong><em>Lo que s\u00ed tenemos claro es que llegaron los bichos. Bichos feos, enormes y voraces\u2026\u201d<\/em><\/strong><\/h2>\n\n\n\n<div class=\"wp-block-group is-vertical is-content-justification-center is-layout-flex wp-container-core-group-is-layout-4c120eef wp-block-group-is-layout-flex\">\n<h2 class=\"wp-block-heading has-text-align-center has-contrast-color has-text-color has-superbfont-medium-font-size\">Morgan Laiz &#8211; Proyecto Beta<\/h2>\n<\/div>\n<\/div>\n\n\n\n<div class=\"wp-block-group alignwide is-style-superbaddons-card has-global-padding is-layout-constrained wp-block-group-is-layout-constrained\">\n<div class=\"wp-block-columns alignwide is-layout-flex wp-container-core-columns-is-layout-f9d87e41 wp-block-columns-is-layout-flex\">\n<div class=\"wp-block-column is-vertically-aligned-top is-layout-flow wp-container-core-column-is-layout-db2cb278 wp-block-column-is-layout-flow\">\n<figure class=\"wp-block-image aligncenter size-large is-resized has-custom-border\"><img loading=\"lazy\" decoding=\"async\" width=\"652\" height=\"1024\" src=\"https:\/\/morganlaiz.com\/wp-content\/uploads\/2025\/09\/Portada-Visiones-edit-1-652x1024.png\" alt=\"\" class=\"wp-image-135\" style=\"border-radius:0px;object-fit:cover;width:282px;height:auto\" srcset=\"https:\/\/morganlaiz.com\/wp-content\/uploads\/2025\/09\/Portada-Visiones-edit-1-652x1024.png 652w, https:\/\/morganlaiz.com\/wp-content\/uploads\/2025\/09\/Portada-Visiones-edit-1-191x300.png 191w, https:\/\/morganlaiz.com\/wp-content\/uploads\/2025\/09\/Portada-Visiones-edit-1-768x1206.png 768w, https:\/\/morganlaiz.com\/wp-content\/uploads\/2025\/09\/Portada-Visiones-edit-1-978x1536.png 978w, https:\/\/morganlaiz.com\/wp-content\/uploads\/2025\/09\/Portada-Visiones-edit-1-8x12.png 8w, https:\/\/morganlaiz.com\/wp-content\/uploads\/2025\/09\/Portada-Visiones-edit-1.png 1006w\" sizes=\"auto, (max-width: 652px) 100vw, 652px\" \/><\/figure>\n\n\n\n<div class=\"wp-block-group is-style-superbaddons-card has-global-padding is-layout-constrained wp-container-core-group-is-layout-d598ad9d wp-block-group-is-layout-constrained\">\n<div class=\"wp-block-group is-vertical is-layout-flex wp-container-core-group-is-layout-fe9cc265 wp-block-group-is-layout-flex\">\n<div class=\"wp-block-group is-vertical is-content-justification-stretch is-layout-flex wp-container-core-group-is-layout-5621715d wp-block-group-is-layout-flex\">\n<h4 class=\"wp-block-heading has-text-align-left has-contrast-color has-text-color has-alegreya-font-family has-superbfont-medium-font-size\">Visiones tras el Velo<\/h4>\n\n\n\n<p class=\"has-text-align-left has-secondary-color has-text-color has-superbfont-xsmall-font-size\"><span class=\"has-superb-addons-text-align-justify\"><strong>\u00bfAceptar\u00edas la oportunidad de no ser normal?&nbsp;<\/strong>Rafael Keller es esquizofr\u00e9nico y ve monstruos desde que tiene memoria. Tras un nuevo fracaso al salir del psiqui\u00e1trico, conoce a un doctor que sugiere abordar la enfermedad desde un nuevo \u00e1ngulo: aceptar la posibilidad de no estar loco. A partir de entonces, Raf pasar\u00e1 a formar parte de la Sociedad del Velo y descubrir\u00e1 todo un abanico de criaturas legendarias que convertir\u00e1n su vida en una vor\u00e1gine de estr\u00e9s, carreras y explosiones.<\/span><\/p>\n\n\n\n<p class=\"has-text-align-left has-secondary-color has-text-color has-superbfont-xsmall-font-size\"><span class=\"has-superb-addons-text-align-justify\">La soledad de no encajar en ninguno de los dos mundos lo llevar\u00e1 a aliarse con su peor enemigo, un elfo amante del heavy metal responsable de acompa\u00f1arlo durante su formaci\u00f3n en la Agencia para la Protecci\u00f3n del Velo.<\/span><\/p>\n\n\n\n<h3 class=\"wp-block-heading has-text-align-left has-primary-color has-text-color has-superbfont-small-font-size\"><a href=\"https:\/\/www.amazon.es\/Visiones-tras-Velo-Los-hijos-ebook\/dp\/B092D53BRK\" target=\"_blank\" rel=\"noreferrer noopener\">Ver en Amazon<\/a><a href=\"https:\/\/www.amazon.es\/Visiones-tras-Velo-Los-hijos-ebook\/dp\/B092D53BRK\">.es<\/a><a href=\"https:\/\/www.amazon.es\/Visiones-tras-Velo-Los-hijos-ebook\/dp\/B092D53BRK\">\u2192<\/a><\/h3>\n<\/div>\n<\/div>\n<\/div>\n<\/div>\n\n\n\n<div class=\"wp-block-column is-vertically-aligned-top is-layout-flow wp-container-core-column-is-layout-db2cb278 wp-block-column-is-layout-flow\">\n<figure class=\"wp-block-image aligncenter size-large is-resized has-custom-border\"><img loading=\"lazy\" decoding=\"async\" width=\"683\" height=\"1024\" src=\"https:\/\/morganlaiz.com\/wp-content\/uploads\/2025\/09\/Portada-Pacto-683x1024.png\" alt=\"\" class=\"wp-image-134\" style=\"border-radius:0px;object-fit:cover;width:297px;height:auto\" srcset=\"https:\/\/morganlaiz.com\/wp-content\/uploads\/2025\/09\/Portada-Pacto-683x1024.png 683w, https:\/\/morganlaiz.com\/wp-content\/uploads\/2025\/09\/Portada-Pacto-200x300.png 200w, https:\/\/morganlaiz.com\/wp-content\/uploads\/2025\/09\/Portada-Pacto-768x1152.png 768w, https:\/\/morganlaiz.com\/wp-content\/uploads\/2025\/09\/Portada-Pacto-1024x1536.png 1024w, https:\/\/morganlaiz.com\/wp-content\/uploads\/2025\/09\/Portada-Pacto-8x12.png 8w, https:\/\/morganlaiz.com\/wp-content\/uploads\/2025\/09\/Portada-Pacto.png 1068w\" sizes=\"auto, (max-width: 683px) 100vw, 683px\" \/><\/figure>\n\n\n\n<div class=\"wp-block-group has-global-padding is-layout-constrained wp-container-core-group-is-layout-d598ad9d wp-block-group-is-layout-constrained\">\n<div class=\"wp-block-group alignwide is-style-superbaddons-card is-vertical is-layout-flex wp-container-core-group-is-layout-0bc941e6 wp-block-group-is-layout-flex\">\n<div class=\"wp-block-group has-global-padding is-layout-constrained wp-block-group-is-layout-constrained\">\n<h4 class=\"wp-block-heading has-text-align-left has-contrast-color has-text-color has-alegreya-font-family has-superbfont-medium-font-size\">El pacto de los cr\u00edptidos<\/h4>\n\n\n\n<p class=\"has-text-align-left has-secondary-color has-text-color has-superbfont-xsmall-font-size\"><span class=\"has-superb-addons-text-align-justify\"><strong>Rafael Keller antes cre\u00eda que estaba loco, pero se equivocaba.<\/strong>&nbsp;Su nuevo trabajo en la Agencia para la Protecci\u00f3n del Velo ha servido para decirle adi\u00f3s al psiqui\u00e1trico y comenzar a labrarse un futuro. Cuando un cad\u00e1ver aparece flotando en la r\u00eda de A Coru\u00f1a, Raf es asignado al grupo de investigaci\u00f3n junto a su compa\u00f1ero Binkas, un elfo motero e insolente.<\/span><\/p>\n\n\n\n<p class=\"has-text-align-left has-secondary-color has-text-color has-superbfont-xsmall-font-size\"><span class=\"has-superb-addons-text-align-justify\">\u00bfQu\u00e9, o qui\u00e9n, se esconde bajo el agua y por qu\u00e9 solo mata humanos?<\/span><br><br><span class=\"has-superb-addons-text-align-justify\">Convertido en el objetivo de una facci\u00f3n radical de cr\u00edptidos que desea verlo muerto, Raf seguir\u00e1 el rastro del monstruo y deber\u00e1 enfrentarse a sus propios or\u00edgenes.<\/span><\/p>\n\n\n\n<h3 class=\"wp-block-heading has-text-align-left has-primary-color has-text-color has-superbfont-small-font-size\"><a href=\"https:\/\/www.amazon.es\/pacto-los-cr%C3%ADptidos-hijos-Velo-ebook\/dp\/B08R9B9B9L\/ref=sr_1_1?__mk_es_ES=%C3%85M%C3%85%C5%BD%C3%95%C3%91&amp;crid=PEIWCJ8E9PYS&amp;dib=eyJ2IjoiMSJ9.qoSan0ARl-1ip5GjHiomog.XIUGBD6Wlg0w9hspZMaOs14IB9uSwCIVNPG-vlzOrUo&amp;dib_tag=se&amp;keywords=el+pacto+de+los+cr%C3%ADptidos&amp;qid=1757351873&amp;s=digital-text&amp;sprefix=el+pacto+de+los+cr%C3%ADptidos%2Cdigital-text%2C57&amp;sr=1-1\">Ver en Amazon.es \u2192<\/a><\/h3>\n<\/div>\n<\/div>\n<\/div>\n<\/div>\n<\/div>\n<\/div>\n\n\n\n<p><\/p>\n","protected":false},"excerpt":{"rendered":"<p>Bienvenido a la web de Morgan Laiz Tal vez sea locura, tal vez los locos sean los otros. Explora mundos donde la ficci\u00f3n se convierte en su propia realidad. Descubre personajes a los que no podr\u00e1s olvidar f\u00e1cilmente; comparte su humanidad, sus miedos y sus ambiciones. Traspasa los l\u00edmites de la ficci\u00f3n a trav\u00e9s de &hellip; <\/p>\n<p class=\"link-more\"><a href=\"https:\/\/morganlaiz.com\/es\/\" class=\"more-link\">Leer m\u00e1s<span class=\"screen-reader-text\"> \u00abPortada\u00bb<\/span><\/a><\/p>\n","protected":false},"author":1,"featured_media":0,"parent":0,"menu_order":0,"comment_status":"closed","ping_status":"closed","template":"","meta":{"inspiro_hide_title":false,"footnotes":""},"class_list":["post-16","page","type-page","status-publish","hentry"],"_links":{"self":[{"href":"https:\/\/morganlaiz.com\/es\/wp-json\/wp\/v2\/pages\/16","targetHints":{"allow":["GET"]}}],"collection":[{"href":"https:\/\/morganlaiz.com\/es\/wp-json\/wp\/v2\/pages"}],"about":[{"href":"https:\/\/morganlaiz.com\/es\/wp-json\/wp\/v2\/types\/page"}],"author":[{"embeddable":true,"href":"https:\/\/morganlaiz.com\/es\/wp-json\/wp\/v2\/users\/1"}],"replies":[{"embeddable":true,"href":"https:\/\/morganlaiz.com\/es\/wp-json\/wp\/v2\/comments?post=16"}],"version-history":[{"count":51,"href":"https:\/\/morganlaiz.com\/es\/wp-json\/wp\/v2\/pages\/16\/revisions"}],"predecessor-version":[{"id":554,"href":"https:\/\/morganlaiz.com\/es\/wp-json\/wp\/v2\/pages\/16\/revisions\/554"}],"wp:attachment":[{"href":"https:\/\/morganlaiz.com\/es\/wp-json\/wp\/v2\/media?parent=16"}],"curies":[{"name":"wp","href":"https:\/\/api.w.org\/{rel}","templated":true}]}}